 
{"id":23,"date":"2021-02-15T12:20:54","date_gmt":"2021-02-15T14:20:54","guid":{"rendered":"http:\/\/crispino.com.br\/beta\/?page_id=23"},"modified":"2021-03-25T10:50:28","modified_gmt":"2021-03-25T13:50:28","slug":"bio","status":"publish","type":"page","link":"http:\/\/crispino.com.br\/beta\/bio\/","title":{"rendered":"Bio"},"content":{"rendered":"\n<div class=\"wp-block-image\"><figure class=\"alignleft size-large is-resized\"><img loading=\"lazy\" decoding=\"async\" src=\"http:\/\/crispino.com.br\/beta\/wp-content\/uploads\/2021\/03\/LC-172-3b-682x1024.jpg\" alt=\"\" class=\"wp-image-439\" width=\"282\" height=\"423\" srcset=\"http:\/\/crispino.com.br\/beta\/wp-content\/uploads\/2021\/03\/LC-172-3b-682x1024.jpg 682w, http:\/\/crispino.com.br\/beta\/wp-content\/uploads\/2021\/03\/LC-172-3b-200x300.jpg 200w, http:\/\/crispino.com.br\/beta\/wp-content\/uploads\/2021\/03\/LC-172-3b-768x1152.jpg 768w, http:\/\/crispino.com.br\/beta\/wp-content\/uploads\/2021\/03\/LC-172-3b-1024x1536.jpg 1024w, http:\/\/crispino.com.br\/beta\/wp-content\/uploads\/2021\/03\/LC-172-3b.jpg 1181w\" sizes=\"(max-width: 282px) 100vw, 282px\" \/><\/figure><\/div>\n\n\n\n<p class=\"has-black-color has-text-color\">Paulistano, Luis Crispino se dedica \u00e0 fotografia profissional desde o in\u00edcio da d\u00e9cada de 80, primeiro como fot\u00f3grafo freelancer, depois contratado pelo est\u00fadio da Editora Abril e, ap\u00f3s atuar durante um ano na Europa, retorna ao Brasil para abrir seu pr\u00f3prio est\u00fadio a partir de 1991.<\/p>\n\n\n\n<p class=\"has-black-color has-text-color\">Participando com trabalhos em diversas publica\u00e7\u00f5es e anu\u00e1rios no Brasil e no exterior, segue colaborando com as principais ag\u00eancias e editoras brasileiras, atuando tamb\u00e9m como diretor de fotografia e de cena em filmes comerciais.<\/p>\n\n\n\n<p class=\"has-text-color\" style=\"color:#737373\">Born in S\u00e3o Paulo, Brazil, Luis Crispino has been dedicated to professional photography since the early 80&#8217;s, first as a freelance photographer, then hired by Editora Abril Studio and, after working for a year in Europe, returns to Brazil to open his own studio, starting in 1991.<\/p>\n\n\n\n<p class=\"has-text-color\" style=\"color:#737373\">Participating with works in various publications and yearbooks in Brazil and abroad, continues to collaborate with the leading advertising agencies and the most important Brazilian fashion magazines, also working as a cinematographer and scene director in advertising films.<\/p>\n","protected":false},"excerpt":{"rendered":"<p>Paulistano, Luis Crispino se dedica \u00e0 fotografia profissional desde o in\u00edcio da d\u00e9cada de 80, primeiro como fot\u00f3grafo freelancer, depois contratado pelo est\u00fadio da Editora Abril e, ap\u00f3s atuar durante um ano na Europa, retorna ao Brasil para abrir seu pr\u00f3prio est\u00fadio a partir de 1991. Participando com trabalhos em diversas publica\u00e7\u00f5es e anu\u00e1rios no &hellip; <\/p>\n<p class=\"link-more\"><a href=\"http:\/\/crispino.com.br\/beta\/bio\/\" class=\"more-link\">Continue lendo<span class=\"screen-reader-text\"> &#8220;Bio&#8221;<\/span><\/a><\/p>\n","protected":false},"author":1,"featured_media":0,"parent":0,"menu_order":0,"comment_status":"closed","ping_status":"closed","template":"","meta":{"pgc_sgb_lightbox_settings":"","footnotes":""},"class_list":["post-23","page","type-page","status-publish","hentry"],"_links":{"self":[{"href":"http:\/\/crispino.com.br\/beta\/wp-json\/wp\/v2\/pages\/23"}],"collection":[{"href":"http:\/\/crispino.com.br\/beta\/wp-json\/wp\/v2\/pages"}],"about":[{"href":"http:\/\/crispino.com.br\/beta\/wp-json\/wp\/v2\/types\/page"}],"author":[{"embeddable":true,"href":"http:\/\/crispino.com.br\/beta\/wp-json\/wp\/v2\/users\/1"}],"replies":[{"embeddable":true,"href":"http:\/\/crispino.com.br\/beta\/wp-json\/wp\/v2\/comments?post=23"}],"version-history":[{"count":15,"href":"http:\/\/crispino.com.br\/beta\/wp-json\/wp\/v2\/pages\/23\/revisions"}],"predecessor-version":[{"id":652,"href":"http:\/\/crispino.com.br\/beta\/wp-json\/wp\/v2\/pages\/23\/revisions\/652"}],"wp:attachment":[{"href":"http:\/\/crispino.com.br\/beta\/wp-json\/wp\/v2\/media?parent=23"}],"curies":[{"name":"wp","href":"https:\/\/api.w.org\/{rel}","templated":true}]}}